{"id":4899,"date":"2021-04-23T10:29:50","date_gmt":"2021-04-23T07:29:50","guid":{"rendered":"https:\/\/casting.globalrecords.com\/?page_id=4899"},"modified":"2022-03-07T14:27:33","modified_gmt":"2022-03-07T11:27:33","slug":"thank-you","status":"publish","type":"page","link":"https:\/\/casting.globalrecords.com\/2022\/thank-you\/","title":{"rendered":"Thank you"},"content":{"rendered":"<div id=\"pl-gb4899-69f6058ae4966\"  class=\"panel-layout\" ><div id=\"pg-gb4899-69f6058ae4966-0\"  class=\"panel-grid panel-has-style\" ><div class=\"siteorigin-panels-stretch panel-row-style panel-row-style-for-gb4899-69f6058ae4966-0\" data-stretch-type=\"full-width-stretch\" ><div id=\"pgc-gb4899-69f6058ae4966-0-0\"  class=\"panel-grid-cell panel-grid-cell-empty\" ><\/div><div id=\"pgc-gb4899-69f6058ae4966-0-1\"  class=\"panel-grid-cell panel-grid-cell-mobile-last\" ><div id=\"panel-gb4899-69f6058ae4966-0-1-0\" class=\"so-panel widget widget_media_image panel-first-child panel-last-child\" data-index=\"0\" ><div class=\"panel-widget-style panel-widget-style-for-gb4899-69f6058ae4966-0-1-0\" ><a href=\"https:\/\/casting.globalrecords.com\/\"><img loading=\"lazy\" decoding=\"async\" width=\"1080\" height=\"1080\" src=\"https:\/\/casting.globalrecords.com\/2022\/wp-content\/uploads\/sites\/1\/2022\/03\/thankyou.jpg\" class=\"image wp-image-10998  attachment-full size-full\" alt=\"\" style=\"max-width: 100%; height: auto;\" srcset=\"https:\/\/casting.globalrecords.com\/2022\/wp-content\/uploads\/sites\/1\/2022\/03\/thankyou.jpg 1080w, https:\/\/casting.globalrecords.com\/2022\/wp-content\/uploads\/sites\/1\/2022\/03\/thankyou-300x300.jpg 300w, https:\/\/casting.globalrecords.com\/2022\/wp-content\/uploads\/sites\/1\/2022\/03\/thankyou-1024x1024.jpg 1024w, https:\/\/casting.globalrecords.com\/2022\/wp-content\/uploads\/sites\/1\/2022\/03\/thankyou-150x150.jpg 150w, https:\/\/casting.globalrecords.com\/2022\/wp-content\/uploads\/sites\/1\/2022\/03\/thankyou-768x768.jpg 768w\" sizes=\"(max-width: 1080px) 100vw, 1080px\" \/><\/a><\/div><\/div><\/div><div id=\"pgc-gb4899-69f6058ae4966-0-2\"  class=\"panel-grid-cell panel-grid-cell-empty\" ><\/div><\/div><\/div><div id=\"pg-gb4899-69f6058ae4966-1\"  class=\"panel-grid panel-has-style\" ><div class=\"siteorigin-panels-stretch panel-row-style panel-row-style-for-gb4899-69f6058ae4966-1\" data-stretch-type=\"full-width-stretch\" ><div id=\"pgc-gb4899-69f6058ae4966-1-0\"  class=\"panel-grid-cell panel-grid-cell-empty\" ><\/div><div id=\"pgc-gb4899-69f6058ae4966-1-1\"  class=\"panel-grid-cell panel-grid-cell-mobile-last\" ><div id=\"panel-gb4899-69f6058ae4966-1-1-0\" class=\"widget_text so-panel widget widget_custom_html panel-first-child panel-last-child\" data-index=\"1\" ><div class=\"widget_text panel-widget-style panel-widget-style-for-gb4899-69f6058ae4966-1-1-0\" ><div class=\"textwidget custom-html-widget\"><link rel=\"preconnect\" href=\"https:\/\/fonts.gstatic.com\">\n<link href=\"https:\/\/fonts.googleapis.com\/css2?family=Montserrat&#038;display=swap\" rel=\"stylesheet\">\n\n<div style=\"font-family: 'Montserrat', sans-serif;font-size: 14pt;color:#1e1c1c; text-align:center;\">\n\t<p><b>Mul\u021bumim pentru \u00eenscriere!<\/b><\/p>\n\t<p>Revenim cu mai multe detalii \u00een cel mai scurt timp.<\/p>\n\t<br><br>\n\t<p style=\"font-size: 12pt;\">Dac\u0103 \u00eent\u00e2mpini probleme po\u021bi s\u0103 ne g\u0103se\u0219ti \u0219i pe adresa: <a href=\"castingcall@globalrecords.com\">castingcall@globalrecords.com<\/a>.<\/p>\n<\/div><\/div><\/div><\/div><\/div><div id=\"pgc-gb4899-69f6058ae4966-1-2\"  class=\"panel-grid-cell panel-grid-cell-empty\" ><\/div><\/div><\/div><div id=\"pg-gb4899-69f6058ae4966-2\"  class=\"panel-grid panel-has-style\" ><div class=\"siteorigin-panels-stretch panel-row-style panel-row-style-for-gb4899-69f6058ae4966-2\" data-stretch-type=\"full-width-stretch\" ><div id=\"pgc-gb4899-69f6058ae4966-2-0\"  class=\"panel-grid-cell panel-grid-cell-empty\" ><\/div><div id=\"pgc-gb4899-69f6058ae4966-2-1\"  class=\"panel-grid-cell\" ><div id=\"panel-gb4899-69f6058ae4966-2-1-0\" class=\"so-panel widget widget_media_image panel-first-child panel-last-child\" data-index=\"2\" ><div class=\"panel-widget-style panel-widget-style-for-gb4899-69f6058ae4966-2-1-0\" ><img loading=\"lazy\" decoding=\"async\" width=\"1024\" height=\"270\" src=\"https:\/\/casting.globalrecords.com\/2022\/wp-content\/uploads\/sites\/1\/2021\/03\/logo-global-1024x270.png\" class=\"image wp-image-3396  attachment-large size-large\" alt=\"\" style=\"max-width: 100%; height: auto;\" srcset=\"https:\/\/casting.globalrecords.com\/2022\/wp-content\/uploads\/sites\/1\/2021\/03\/logo-global-1024x270.png 1024w, https:\/\/casting.globalrecords.com\/2022\/wp-content\/uploads\/sites\/1\/2021\/03\/logo-global-300x79.png 300w, https:\/\/casting.globalrecords.com\/2022\/wp-content\/uploads\/sites\/1\/2021\/03\/logo-global-768x203.png 768w, https:\/\/casting.globalrecords.com\/2022\/wp-content\/uploads\/sites\/1\/2021\/03\/logo-global.png 1513w\" sizes=\"(max-width: 1024px) 100vw, 1024px\" \/><\/div><\/div><\/div><div id=\"pgc-gb4899-69f6058ae4966-2-2\"  class=\"panel-grid-cell\" ><div id=\"panel-gb4899-69f6058ae4966-2-2-0\" class=\"widget_text so-panel widget widget_custom_html panel-first-child panel-last-child\" data-index=\"3\" ><div class=\"widget_text panel-widget-style panel-widget-style-for-gb4899-69f6058ae4966-2-2-0\" ><div class=\"textwidget custom-html-widget\"><div style=\"font-family: 'Montserrat', sans-serif;font-size: 0.9em;color:#1e1c1c;font-weight:500;\">\n\t<p><a href=\"\/wp-content\/uploads\/2022\/03\/regulament-2022.pdf\" target=\"_blank\" rel=\"noopener\"><b>Regulament concurs<\/b><\/a><\/p>\n\t<p><a href=\"\/wp-content\/uploads\/2022\/03\/termeni-si-conditii-2022.pdf\" target=\"_blank\" rel=\"noopener\">Termeni si conditii<\/a> | <a href=\"\/wp-content\/uploads\/2022\/03\/politica-de-confidentialitate-2022.pdf\" target=\"_blank\" rel=\"noopener\">Confidentialitate si GDPR<\/a> | <a href=\"\/wp-content\/uploads\/2021\/04\/cookies.pdf\" target=\"_blank\" rel=\"noopener\">Cookies<\/a><\/p> \n\t<p>\u00a9 2022 GLOBAL RECORDS SRL<\/p>\t\n<\/div><\/div><\/div><\/div><\/div><div id=\"pgc-gb4899-69f6058ae4966-2-3\"  class=\"panel-grid-cell panel-grid-cell-mobile-last\" ><div id=\"panel-gb4899-69f6058ae4966-2-3-0\" class=\"widget_text so-panel widget widget_custom_html panel-first-child panel-last-child\" data-index=\"4\" ><div class=\"widget_text panel-widget-style panel-widget-style-for-gb4899-69f6058ae4966-2-3-0\" ><div class=\"textwidget custom-html-widget\"><div style=\"font-family: 'Inconsolata';font-size: 1.2em;color:#1e1c1c;text-transform: uppercase;font-weight:500;margin-bottom:1.5em;\">\n\t<a href=\"https:\/\/www.instagram.com\/globalrecords\/\" target=\"_blank\" rel=\"noopener\"><img loading=\"lazy\" decoding=\"async\" border=\"0\" alt=\"\" src=\"https:\/\/jobs.globalrecords.com\/wp-content\/uploads\/2021\/03\/insta.png\" width=\"20\" height=\"20\"><\/a>\n\t<a href=\"https:\/\/www.youtube.com\/user\/globalrecords\" target=\"_blank\" rel=\"noopener\"><img loading=\"lazy\" decoding=\"async\" border=\"0\" alt=\"\" src=\"https:\/\/jobs.globalrecords.com\/wp-content\/uploads\/2021\/03\/yt.png\" width=\"20\" height=\"20\"><\/a>\n\t<a href=\"https:\/\/www.facebook.com\/GlobalRecordsCom\/\" target=\"_blank\" rel=\"noopener\"><img loading=\"lazy\" decoding=\"async\" border=\"0\" alt=\"\" src=\"https:\/\/jobs.globalrecords.com\/wp-content\/uploads\/2021\/03\/fb.png\" width=\"20\" height=\"20\"><\/a>\n\t<a href=\"https:\/\/www.linkedin.com\/company\/global-records\/\" target=\"_blank\" rel=\"noopener\"><img loading=\"lazy\" decoding=\"async\" border=\"0\" alt=\"\" src=\"https:\/\/jobs.globalrecords.com\/wp-content\/uploads\/2021\/03\/in.png\" width=\"20\" height=\"20\"><\/a>\n\t<\/div><\/div><\/div><\/div><\/div><div id=\"pgc-gb4899-69f6058ae4966-2-4\"  class=\"panel-grid-cell panel-grid-cell-empty\" ><\/div><\/div><\/div><\/div>","protected":false},"excerpt":{"rendered":"","protected":false},"author":3,"featured_media":10998,"parent":0,"menu_order":0,"comment_status":"closed","ping_status":"closed","template":"","meta":{"ocean_post_layout":"","ocean_both_sidebars_style":"","ocean_both_sidebars_content_width":0,"ocean_both_sidebars_sidebars_width":0,"ocean_sidebar":"","ocean_second_sidebar":"","ocean_disable_margins":"enable","ocean_add_body_class":"","ocean_shortcode_before_top_bar":"","ocean_shortcode_after_top_bar":"","ocean_shortcode_before_header":"","ocean_shortcode_after_header":"","ocean_has_shortcode":"","ocean_shortcode_after_title":"","ocean_shortcode_before_footer_widgets":"","ocean_shortcode_after_footer_widgets":"","ocean_shortcode_before_footer_bottom":"","ocean_shortcode_after_footer_bottom":"","ocean_display_top_bar":"default","ocean_display_header":"default","ocean_header_style":"","ocean_center_header_left_menu":"","ocean_custom_header_template":"","ocean_custom_logo":0,"ocean_custom_retina_logo":0,"ocean_custom_logo_max_width":0,"ocean_custom_logo_tablet_max_width":0,"ocean_custom_logo_mobile_max_width":0,"ocean_custom_logo_max_height":0,"ocean_custom_logo_tablet_max_height":0,"ocean_custom_logo_mobile_max_height":0,"ocean_header_custom_menu":"","ocean_menu_typo_font_family":"","ocean_menu_typo_font_subset":"","ocean_menu_typo_font_size":0,"ocean_menu_typo_font_size_tablet":0,"ocean_menu_typo_font_size_mobile":0,"ocean_menu_typo_font_size_unit":"px","ocean_menu_typo_font_weight":"","ocean_menu_typo_font_weight_tablet":"","ocean_menu_typo_font_weight_mobile":"","ocean_menu_typo_transform":"","ocean_menu_typo_transform_tablet":"","ocean_menu_typo_transform_mobile":"","ocean_menu_typo_line_height":0,"ocean_menu_typo_line_height_tablet":0,"ocean_menu_typo_line_height_mobile":0,"ocean_menu_typo_line_height_unit":"","ocean_menu_typo_spacing":0,"ocean_menu_typo_spacing_tablet":0,"ocean_menu_typo_spacing_mobile":0,"ocean_menu_typo_spacing_unit":"","ocean_menu_link_color":"","ocean_menu_link_color_hover":"","ocean_menu_link_color_active":"","ocean_menu_link_background":"","ocean_menu_link_hover_background":"","ocean_menu_link_active_background":"","ocean_menu_social_links_bg":"","ocean_menu_social_hover_links_bg":"","ocean_menu_social_links_color":"","ocean_menu_social_hover_links_color":"","ocean_disable_title":"default","ocean_disable_heading":"default","ocean_post_title":"","ocean_post_subheading":"","ocean_post_title_style":"","ocean_post_title_background_color":"","ocean_post_title_background":0,"ocean_post_title_bg_image_position":"","ocean_post_title_bg_image_attachment":"","ocean_post_title_bg_image_repeat":"","ocean_post_title_bg_image_size":"","ocean_post_title_height":0,"ocean_post_title_bg_overlay":0.5,"ocean_post_title_bg_overlay_color":"","ocean_disable_breadcrumbs":"default","ocean_breadcrumbs_color":"","ocean_breadcrumbs_separator_color":"","ocean_breadcrumbs_links_color":"","ocean_breadcrumbs_links_hover_color":"","ocean_display_footer_widgets":"default","ocean_display_footer_bottom":"default","ocean_custom_footer_template":"","footnotes":""},"class_list":["post-4899","page","type-page","status-publish","has-post-thumbnail","hentry","entry","has-media"],"yoast_head":"<!-- This site is optimized with the Yoast SEO plugin v23.1 - https:\/\/yoast.com\/wordpress\/plugins\/seo\/ -->\n<title>Thank you - Casting (2022)<\/title>\n<meta name=\"description\" content=\"Global Records Te Caut\u0103! Ia parte la cea mai tare experien\u021b\u0103 a vie\u021bii tale! \u00censcrie-te la castingul na\u021bional care te poate aduce mai aproape de titlul de &quot;ARTISTUL ANULUI&quot;.\" \/>\n<meta name=\"robots\" content=\"index, follow, max-snippet:-1, max-image-preview:large, max-video-preview:-1\" \/>\n<link rel=\"canonical\" href=\"https:\/\/casting.globalrecords.com\/2022\/thank-you\/\" \/>\n<meta property=\"og:locale\" content=\"en_US\" \/>\n<meta property=\"og:type\" content=\"article\" \/>\n<meta property=\"og:title\" content=\"Thank you - Casting (2022)\" \/>\n<meta property=\"og:description\" content=\"Global Records Te Caut\u0103! Ia parte la cea mai tare experien\u021b\u0103 a vie\u021bii tale! \u00censcrie-te la castingul na\u021bional care te poate aduce mai aproape de titlul de &quot;ARTISTUL ANULUI&quot;.\" \/>\n<meta property=\"og:url\" content=\"https:\/\/casting.globalrecords.com\/2022\/thank-you\/\" \/>\n<meta property=\"og:site_name\" content=\"Casting (2022)\" \/>\n<meta property=\"article:modified_time\" content=\"2022-03-07T11:27:33+00:00\" \/>\n<meta property=\"og:image\" content=\"https:\/\/casting.globalrecords.com\/2022\/wp-content\/uploads\/sites\/1\/2022\/03\/thankyou.jpg\" \/>\n\t<meta property=\"og:image:width\" content=\"1080\" \/>\n\t<meta property=\"og:image:height\" content=\"1080\" \/>\n\t<meta property=\"og:image:type\" content=\"image\/jpeg\" \/>\n<meta name=\"twitter:card\" content=\"summary_large_image\" \/>\n<meta name=\"twitter:image\" content=\"https:\/\/casting.globalrecords.com\/2022\/wp-content\/uploads\/sites\/1\/2022\/03\/thankyou.jpg\" \/>\n<meta name=\"twitter:label1\" content=\"Est. reading time\" \/>\n\t<meta name=\"twitter:data1\" content=\"2 minutes\" \/>\n<script type=\"application\/ld+json\" class=\"yoast-schema-graph\">{\"@context\":\"https:\/\/schema.org\",\"@graph\":[{\"@type\":\"WebPage\",\"@id\":\"https:\/\/casting.globalrecords.com\/2022\/thank-you\/\",\"url\":\"https:\/\/casting.globalrecords.com\/2022\/thank-you\/\",\"name\":\"Thank you - Casting (2022)\",\"isPartOf\":{\"@id\":\"https:\/\/casting.globalrecords.com\/2022\/#website\"},\"primaryImageOfPage\":{\"@id\":\"https:\/\/casting.globalrecords.com\/2022\/thank-you\/#primaryimage\"},\"image\":{\"@id\":\"https:\/\/casting.globalrecords.com\/2022\/thank-you\/#primaryimage\"},\"thumbnailUrl\":\"https:\/\/casting.globalrecords.com\/2022\/wp-content\/uploads\/sites\/1\/2022\/03\/thankyou.jpg\",\"datePublished\":\"2021-04-23T07:29:50+00:00\",\"dateModified\":\"2022-03-07T11:27:33+00:00\",\"description\":\"Global Records Te Caut\u0103! Ia parte la cea mai tare experien\u021b\u0103 a vie\u021bii tale! \u00censcrie-te la castingul na\u021bional care te poate aduce mai aproape de titlul de \\\"ARTISTUL ANULUI\\\".\",\"breadcrumb\":{\"@id\":\"https:\/\/casting.globalrecords.com\/2022\/thank-you\/#breadcrumb\"},\"inLanguage\":\"en-US\",\"potentialAction\":[{\"@type\":\"ReadAction\",\"target\":[\"https:\/\/casting.globalrecords.com\/2022\/thank-you\/\"]}]},{\"@type\":\"ImageObject\",\"inLanguage\":\"en-US\",\"@id\":\"https:\/\/casting.globalrecords.com\/2022\/thank-you\/#primaryimage\",\"url\":\"https:\/\/casting.globalrecords.com\/2022\/wp-content\/uploads\/sites\/1\/2022\/03\/thankyou.jpg\",\"contentUrl\":\"https:\/\/casting.globalrecords.com\/2022\/wp-content\/uploads\/sites\/1\/2022\/03\/thankyou.jpg\",\"width\":1080,\"height\":1080},{\"@type\":\"BreadcrumbList\",\"@id\":\"https:\/\/casting.globalrecords.com\/2022\/thank-you\/#breadcrumb\",\"itemListElement\":[{\"@type\":\"ListItem\",\"position\":1,\"name\":\"Home\",\"item\":\"https:\/\/casting.globalrecords.com\/2022\/\"},{\"@type\":\"ListItem\",\"position\":2,\"name\":\"Thank you\"}]},{\"@type\":\"WebSite\",\"@id\":\"https:\/\/casting.globalrecords.com\/2022\/#website\",\"url\":\"https:\/\/casting.globalrecords.com\/2022\/\",\"name\":\"Casting (2022)\",\"description\":\"\",\"potentialAction\":[{\"@type\":\"SearchAction\",\"target\":{\"@type\":\"EntryPoint\",\"urlTemplate\":\"https:\/\/casting.globalrecords.com\/2022\/?s={search_term_string}\"},\"query-input\":\"required name=search_term_string\"}],\"inLanguage\":\"en-US\"}]}<\/script>\n<!-- \/ Yoast SEO plugin. -->","yoast_head_json":{"title":"Thank you - Casting (2022)","description":"Global Records Te Caut\u0103! Ia parte la cea mai tare experien\u021b\u0103 a vie\u021bii tale! \u00censcrie-te la castingul na\u021bional care te poate aduce mai aproape de titlul de \"ARTISTUL ANULUI\".","robots":{"index":"index","follow":"follow","max-snippet":"max-snippet:-1","max-image-preview":"max-image-preview:large","max-video-preview":"max-video-preview:-1"},"canonical":"https:\/\/casting.globalrecords.com\/2022\/thank-you\/","og_locale":"en_US","og_type":"article","og_title":"Thank you - Casting (2022)","og_description":"Global Records Te Caut\u0103! Ia parte la cea mai tare experien\u021b\u0103 a vie\u021bii tale! \u00censcrie-te la castingul na\u021bional care te poate aduce mai aproape de titlul de \"ARTISTUL ANULUI\".","og_url":"https:\/\/casting.globalrecords.com\/2022\/thank-you\/","og_site_name":"Casting (2022)","article_modified_time":"2022-03-07T11:27:33+00:00","og_image":[{"width":1080,"height":1080,"url":"https:\/\/casting.globalrecords.com\/2022\/wp-content\/uploads\/sites\/1\/2022\/03\/thankyou.jpg","type":"image\/jpeg"}],"twitter_card":"summary_large_image","twitter_image":"https:\/\/casting.globalrecords.com\/2022\/wp-content\/uploads\/sites\/1\/2022\/03\/thankyou.jpg","twitter_misc":{"Est. reading time":"2 minutes"},"schema":{"@context":"https:\/\/schema.org","@graph":[{"@type":"WebPage","@id":"https:\/\/casting.globalrecords.com\/2022\/thank-you\/","url":"https:\/\/casting.globalrecords.com\/2022\/thank-you\/","name":"Thank you - Casting (2022)","isPartOf":{"@id":"https:\/\/casting.globalrecords.com\/2022\/#website"},"primaryImageOfPage":{"@id":"https:\/\/casting.globalrecords.com\/2022\/thank-you\/#primaryimage"},"image":{"@id":"https:\/\/casting.globalrecords.com\/2022\/thank-you\/#primaryimage"},"thumbnailUrl":"https:\/\/casting.globalrecords.com\/2022\/wp-content\/uploads\/sites\/1\/2022\/03\/thankyou.jpg","datePublished":"2021-04-23T07:29:50+00:00","dateModified":"2022-03-07T11:27:33+00:00","description":"Global Records Te Caut\u0103! Ia parte la cea mai tare experien\u021b\u0103 a vie\u021bii tale! \u00censcrie-te la castingul na\u021bional care te poate aduce mai aproape de titlul de \"ARTISTUL ANULUI\".","breadcrumb":{"@id":"https:\/\/casting.globalrecords.com\/2022\/thank-you\/#breadcrumb"},"inLanguage":"en-US","potentialAction":[{"@type":"ReadAction","target":["https:\/\/casting.globalrecords.com\/2022\/thank-you\/"]}]},{"@type":"ImageObject","inLanguage":"en-US","@id":"https:\/\/casting.globalrecords.com\/2022\/thank-you\/#primaryimage","url":"https:\/\/casting.globalrecords.com\/2022\/wp-content\/uploads\/sites\/1\/2022\/03\/thankyou.jpg","contentUrl":"https:\/\/casting.globalrecords.com\/2022\/wp-content\/uploads\/sites\/1\/2022\/03\/thankyou.jpg","width":1080,"height":1080},{"@type":"BreadcrumbList","@id":"https:\/\/casting.globalrecords.com\/2022\/thank-you\/#breadcrumb","itemListElement":[{"@type":"ListItem","position":1,"name":"Home","item":"https:\/\/casting.globalrecords.com\/2022\/"},{"@type":"ListItem","position":2,"name":"Thank you"}]},{"@type":"WebSite","@id":"https:\/\/casting.globalrecords.com\/2022\/#website","url":"https:\/\/casting.globalrecords.com\/2022\/","name":"Casting (2022)","description":"","potentialAction":[{"@type":"SearchAction","target":{"@type":"EntryPoint","urlTemplate":"https:\/\/casting.globalrecords.com\/2022\/?s={search_term_string}"},"query-input":"required name=search_term_string"}],"inLanguage":"en-US"}]}},"_links":{"self":[{"href":"https:\/\/casting.globalrecords.com\/2022\/wp-json\/wp\/v2\/pages\/4899"}],"collection":[{"href":"https:\/\/casting.globalrecords.com\/2022\/wp-json\/wp\/v2\/pages"}],"about":[{"href":"https:\/\/casting.globalrecords.com\/2022\/wp-json\/wp\/v2\/types\/page"}],"author":[{"embeddable":true,"href":"https:\/\/casting.globalrecords.com\/2022\/wp-json\/wp\/v2\/users\/3"}],"replies":[{"embeddable":true,"href":"https:\/\/casting.globalrecords.com\/2022\/wp-json\/wp\/v2\/comments?post=4899"}],"version-history":[{"count":16,"href":"https:\/\/casting.globalrecords.com\/2022\/wp-json\/wp\/v2\/pages\/4899\/revisions"}],"predecessor-version":[{"id":11004,"href":"https:\/\/casting.globalrecords.com\/2022\/wp-json\/wp\/v2\/pages\/4899\/revisions\/11004"}],"wp:featuredmedia":[{"embeddable":true,"href":"https:\/\/casting.globalrecords.com\/2022\/wp-json\/wp\/v2\/media\/10998"}],"wp:attachment":[{"href":"https:\/\/casting.globalrecords.com\/2022\/wp-json\/wp\/v2\/media?parent=4899"}],"curies":[{"name":"wp","href":"https:\/\/api.w.org\/{rel}","templated":true}]}}