{"id":18987,"date":"2022-06-20T13:08:39","date_gmt":"2022-06-20T11:08:39","guid":{"rendered":"https:\/\/casting.globalrecords.com\/?page_id=18987"},"modified":"2022-06-20T13:10:04","modified_gmt":"2022-06-20T11:10:04","slug":"artistul-anului-2022-finish","status":"publish","type":"page","link":"https:\/\/casting.globalrecords.com\/2022\/","title":{"rendered":"Artistul anului 2022 &#8211; Finish"},"content":{"rendered":"<div id=\"pl-gb18987-69f5ee2d4bd3b\"  class=\"panel-layout\" ><div id=\"pg-gb18987-69f5ee2d4bd3b-0\"  class=\"panel-grid panel-has-style\" ><div class=\"siteorigin-panels-stretch panel-row-style panel-row-style-for-gb18987-69f5ee2d4bd3b-0\" data-stretch-type=\"full-width-stretch\" ><div id=\"pgc-gb18987-69f5ee2d4bd3b-0-0\"  class=\"panel-grid-cell\" ><div id=\"panel-gb18987-69f5ee2d4bd3b-0-0-0\" class=\"widget_text so-panel widget widget_custom_html panel-first-child panel-last-child\" data-index=\"0\" ><div class=\"widget_text panel-widget-style panel-widget-style-for-gb18987-69f5ee2d4bd3b-0-0-0\" ><div class=\"textwidget custom-html-widget\">\n\t\t\t<!-- START Artistul Anului 2022 REVOLUTION SLIDER 6.5.25 --><p class=\"rs-p-wp-fix\"><\/p>\n\t\t\t<rs-module-wrap id=\"rev_slider_6_1_wrapper\" data-source=\"gallery\" style=\"visibility:hidden;background:rgba(255,255,255,0);padding:0;\">\n\t\t\t\t<rs-module id=\"rev_slider_6_1\" style=\"\" data-version=\"6.5.25\">\n\t\t\t\t\t<rs-slides>\n\t\t\t\t\t\t<rs-slide style=\"position: absolute;\" data-key=\"rs-10\" data-title=\"Slide\" data-in=\"o:0;\" data-out=\"a:false;\">\n\t\t\t\t\t\t\t<img decoding=\"async\" src=\"\/\/casting.globalrecords.com\/2022\/wp-content\/plugins\/revslider\/public\/assets\/assets\/dummy.png\" alt=\"\" title=\"Untitled-2\" width=\"1370\" height=\"1666\" class=\"rev-slidebg tp-rs-img rs-lazyload\" data-lazyload=\"\/\/casting.globalrecords.com\/wp-content\/uploads\/2022\/03\/Untitled-2.jpg\" data-parallax=\"10\" data-panzoom=\"d:5000;e:power4.out;ss:150;se:100;bs:20;\" data-no-retina>\n<!--\n\t\t\t\t\t\t\t--><rs-layer\n\t\t\t\t\t\t\t\tid=\"slider-6-slide-10-layer-0\" \n\t\t\t\t\t\t\t\tdata-type=\"object\"\n\t\t\t\t\t\t\t\tdata-rsp_ch=\"on\"\n\t\t\t\t\t\t\t\tdata-xy=\"xo:50px,41px,31px,19px;yo:50px,41px,31px,19px;\"\n\t\t\t\t\t\t\t\tdata-text=\"w:normal;s:20,16,12,7;l:0,20,15,9;\"\n\t\t\t\t\t\t\t\tdata-frame_999=\"o:0;st:w;\"\n\t\t\t\t\t\t\t\tstyle=\"z-index:13;font-family:'Roboto';\"\n\t\t\t\t\t\t\t> \n\t\t\t\t\t\t\t<\/rs-layer><!--\n\n\t\t\t\t\t\t\t--><rs-layer\n\t\t\t\t\t\t\t\tid=\"slider-6-slide-10-layer-1\" \n\t\t\t\t\t\t\t\tdata-type=\"image\"\n\t\t\t\t\t\t\t\tdata-rsp_ch=\"on\"\n\t\t\t\t\t\t\t\tdata-xy=\"x:c;xo:-61px,-61px,-16px,30px;y:m;yo:250px,250px,203px,173px;\"\n\t\t\t\t\t\t\t\tdata-text=\"l:22;a:inherit;\"\n\t\t\t\t\t\t\t\tdata-dim=\"w:381px,381px,403px,304px;h:847px,847px,896px,676px;\"\n\t\t\t\t\t\t\t\tdata-frame_0=\"sX:0.7;sY:0.7;blu:10px;\"\n\t\t\t\t\t\t\t\tdata-frame_1=\"x:0,0,0,2px;y:0,0,0,31px;e:power4.out;st:50;sp:3000;sR:50;blu:0.05;\"\n\t\t\t\t\t\t\t\tdata-frame_999=\"o:0;st:w;sR:5950;\"\n\t\t\t\t\t\t\t\tstyle=\"z-index:11;\"\n\t\t\t\t\t\t\t><img decoding=\"async\" src=\"\/\/casting.globalrecords.com\/2022\/wp-content\/plugins\/revslider\/public\/assets\/assets\/dummy.png\" alt=\"\" class=\"tp-rs-img rs-lazyload\" width=\"370\" height=\"823\" data-lazyload=\"\/\/casting.globalrecords.com\/wp-content\/uploads\/2022\/03\/gagica.png\" data-no-retina> \n\t\t\t\t\t\t\t<\/rs-layer><!--\n\n\t\t\t\t\t\t\t--><rs-layer\n\t\t\t\t\t\t\t\tid=\"slider-6-slide-10-layer-2\" \n\t\t\t\t\t\t\t\tclass=\"rs-pxl-14\"\n\t\t\t\t\t\t\t\tdata-type=\"text\"\n\t\t\t\t\t\t\t\tdata-color=\"#fff\"\n\t\t\t\t\t\t\t\tdata-tsh=\"c:rgba(0,0,0,0.75);v:10px,8px,6px,3px;b:10px,8px,6px,3px;\"\n\t\t\t\t\t\t\t\tdata-rsp_ch=\"on\"\n\t\t\t\t\t\t\t\tdata-xy=\"x:c;xo:-1px,0,6px,2px;y:m;yo:-223px,-184px,-309px,-195px;\"\n\t\t\t\t\t\t\t\tdata-text=\"s:173,142,107,92;l:195,161,122,104;ls:-1px,0px,0px,0px;fw:900;a:center;\"\n\t\t\t\t\t\t\t\tdata-dim=\"w:auto,auto,auto,433px;minh:0,none,none,none;\"\n\t\t\t\t\t\t\t\tdata-frame_0=\"y:192px,158px,120px,103px;sX:0.3;sY:0.3;blu:20px;\"\n\t\t\t\t\t\t\t\tdata-frame_1=\"e:power4.out;st:50;sp:3000;sR:50;blu:0.05;\"\n\t\t\t\t\t\t\t\tdata-frame_999=\"o:0;st:w;sR:5950;\"\n\t\t\t\t\t\t\t\tstyle=\"z-index:10;font-family:'Montserrat';\"\n\t\t\t\t\t\t\t>ARTIST \n\t\t\t\t\t\t\t<\/rs-layer><!--\n\n\t\t\t\t\t\t\t--><rs-layer\n\t\t\t\t\t\t\t\tid=\"slider-6-slide-10-layer-3\" \n\t\t\t\t\t\t\t\tclass=\"rev-btn\"\n\t\t\t\t\t\t\t\tdata-type=\"button\"\n\t\t\t\t\t\t\t\tdata-color=\"rgba(255,255,255,1)\"\n\t\t\t\t\t\t\t\tdata-xy=\"x:c;xo:1px,1px,0,0;y:b;yo:29px,29px,100px,30px;\"\n\t\t\t\t\t\t\t\tdata-text=\"s:32,32,15,15;l:126,126,60,60;fw:700;a:inherit;\"\n\t\t\t\t\t\t\t\tdata-actions='o:click;a:scrollbelow;sp:1500;e:power1.inOut;'\n\t\t\t\t\t\t\t\tdata-rsp_bd=\"off\"\n\t\t\t\t\t\t\t\tdata-padding=\"r:63,63,30,30;l:63,63,30,30;\"\n\t\t\t\t\t\t\t\tdata-border=\"bos:solid;boc:rgba(0,0,0,1);bow:0px,0px,0,0;bor:20px,20px,20px,20px;\"\n\t\t\t\t\t\t\t\tdata-frame_0=\"y:105px;gra:0%;blu:20px;\"\n\t\t\t\t\t\t\t\tdata-frame_1=\"e:power4.out;st:500;sp:1000;sR:500;blu:0.05;\"\n\t\t\t\t\t\t\t\tdata-frame_999=\"o:0;st:w;sR:7500;\"\n\t\t\t\t\t\t\t\tdata-frame_hover=\"bgc:linear-gradient(rgba(74,74,74,1) 0%, rgba(43,43,43,1) 100%);boc:#000;bor:20px,20px,20px,20px;bos:solid;oX:50;oY:50;sp:200;e:none;\"\n\t\t\t\t\t\t\t\tstyle=\"z-index:12;background:linear-gradient(rgba(74,74,74,1) 0%, rgba(43,43,43,1) 100%);font-family:'Poppins';cursor:pointer;-webkit-box-shadow:0px 10px 20px 0px rgba(0,0,0,0.35);-moz-box-shadow:0px 10px 20px 0px rgba(0,0,0,0.35);box-shadow:0px 10px 20px 0px rgba(0,0,0,0.35);\"\n\t\t\t\t\t\t\t> \n\t\t\t\t\t\t\t<\/rs-layer><!--\n\n\t\t\t\t\t\t\t--><rs-layer\n\t\t\t\t\t\t\t\tid=\"slider-6-slide-10-layer-7\" \n\t\t\t\t\t\t\t\tclass=\"rs-pxl-14\"\n\t\t\t\t\t\t\t\tdata-type=\"text\"\n\t\t\t\t\t\t\t\tdata-color=\"#fff\"\n\t\t\t\t\t\t\t\tdata-rsp_ch=\"on\"\n\t\t\t\t\t\t\t\tdata-xy=\"x:c;xo:10px,8px,7px,10px;y:m;yo:-321px,-265px,-372px,-248px;\"\n\t\t\t\t\t\t\t\tdata-text=\"s:43,35,26,24;l:49,40,30,18;fw:200;a:center;\"\n\t\t\t\t\t\t\t\tdata-dim=\"minh:0,none,none,none;\"\n\t\t\t\t\t\t\t\tdata-frame_0=\"y:17px,14px,10px,6px;sX:0.3;sY:0.3;blu:20px;\"\n\t\t\t\t\t\t\t\tdata-frame_1=\"e:power4.out;st:50;sp:3000;sR:50;blu:0.05;\"\n\t\t\t\t\t\t\t\tdata-frame_999=\"o:0;st:w;sR:5950;\"\n\t\t\t\t\t\t\t\tstyle=\"z-index:9;font-family:'Montserrat';\"\n\t\t\t\t\t\t\t>C\u0102UT\u0102M URM\u0102TORUL \n\t\t\t\t\t\t\t<\/rs-layer><!--\n\n\t\t\t\t\t\t\t--><rs-layer\n\t\t\t\t\t\t\t\tid=\"slider-6-slide-10-layer-9\" \n\t\t\t\t\t\t\t\tclass=\"rs-pxl-14\"\n\t\t\t\t\t\t\t\tdata-type=\"text\"\n\t\t\t\t\t\t\t\tdata-color=\"#fff\"\n\t\t\t\t\t\t\t\tdata-rsp_ch=\"on\"\n\t\t\t\t\t\t\t\tdata-xy=\"x:c;xo:197px,162px,129px,6px;y:m;yo:-112px,-92px,-240px,-143px;\"\n\t\t\t\t\t\t\t\tdata-text=\"s:43,35,26,24;l:49,40,30,18;fw:200;a:center;\"\n\t\t\t\t\t\t\t\tdata-dim=\"minh:0,none,none,none;\"\n\t\t\t\t\t\t\t\tdata-frame_0=\"y:17px,14px,10px,6px;sX:0.3;sY:0.3;blu:20px;\"\n\t\t\t\t\t\t\t\tdata-frame_1=\"e:power4.out;st:50;sp:3000;sR:50;blu:0.05;\"\n\t\t\t\t\t\t\t\tdata-frame_999=\"o:0;st:w;sR:5950;\"\n\t\t\t\t\t\t\t\tstyle=\"z-index:8;font-family:'Montserrat';\"\n\t\t\t\t\t\t\t>AL ANULUI \n\t\t\t\t\t\t\t<\/rs-layer><!--\n-->\t\t\t\t\t\t<\/rs-slide>\n\t\t\t\t\t<\/rs-slides>\n\t\t\t\t<\/rs-module>\n\t\t\t\t<script>\n\t\t\t\t\tsetREVStartSize({c: 'rev_slider_6_1',rl:[1240,1024,778,480],el:[868,768,960,720],gw:[1240,1024,778,480],gh:[868,768,960,720],type:'hero',justify:'',layout:'fullscreen',offsetContainer:'',offset:'0px',mh:\"0\"});if (window.RS_MODULES!==undefined && window.RS_MODULES.modules!==undefined && window.RS_MODULES.modules[\"revslider61\"]!==undefined) {window.RS_MODULES.modules[\"revslider61\"].once = false;window.revapi6 = undefined;if (window.RS_MODULES.checkMinimal!==undefined) window.RS_MODULES.checkMinimal()}\n\t\t\t\t<\/script>\n\t\t\t<\/rs-module-wrap>\n\t\t\t<!-- END REVOLUTION SLIDER -->\n<\/div><\/div><\/div><\/div><\/div><\/div><div id=\"pg-gb18987-69f5ee2d4bd3b-1\"  class=\"panel-grid panel-has-style\" ><div class=\"siteorigin-panels-stretch panel-row-style panel-row-style-for-gb18987-69f5ee2d4bd3b-1\" data-stretch-type=\"full-width-stretch\" ><div id=\"pgc-gb18987-69f5ee2d4bd3b-1-0\"  class=\"panel-grid-cell panel-grid-cell-empty\" ><\/div><div id=\"pgc-gb18987-69f5ee2d4bd3b-1-1\"  class=\"panel-grid-cell panel-grid-cell-empty panel-grid-cell-mobile-last\" ><\/div><div id=\"pgc-gb18987-69f5ee2d4bd3b-1-2\"  class=\"panel-grid-cell panel-grid-cell-empty\" ><\/div><\/div><\/div><div id=\"pg-gb18987-69f5ee2d4bd3b-2\"  class=\"panel-grid panel-has-style\" ><div class=\"siteorigin-panels-stretch panel-row-style panel-row-style-for-gb18987-69f5ee2d4bd3b-2\" data-stretch-type=\"full-width-stretch\" ><div id=\"pgc-gb18987-69f5ee2d4bd3b-2-0\"  class=\"panel-grid-cell panel-grid-cell-empty\" ><\/div><div id=\"pgc-gb18987-69f5ee2d4bd3b-2-1\"  class=\"panel-grid-cell panel-grid-cell-mobile-last\" ><div id=\"panel-gb18987-69f5ee2d4bd3b-2-1-0\" class=\"widget_text so-panel widget widget_custom_html panel-first-child panel-last-child\" data-index=\"1\" ><div class=\"widget_text panel-widget-style panel-widget-style-for-gb18987-69f5ee2d4bd3b-2-1-0\" ><div class=\"textwidget custom-html-widget\"><link rel=\"preconnect\" href=\"https:\/\/fonts.gstatic.com\">\n<link href=\"https:\/\/fonts.googleapis.com\/css2?family=Montserrat&#038;display=swap\" rel=\"stylesheet\">\n\n<div style=\"font-family: 'Montserrat', sans-serif;font-size: 14pt;color:#1e1c1c; text-align:center;\">\n\t<p><b>Castingul s-a \u00eencheiat. Mul\u021bumim!<\/b><\/p>\n<\/div><\/div><\/div><\/div><\/div><div id=\"pgc-gb18987-69f5ee2d4bd3b-2-2\"  class=\"panel-grid-cell panel-grid-cell-empty\" ><\/div><\/div><\/div><div id=\"pg-gb18987-69f5ee2d4bd3b-3\"  class=\"panel-grid panel-has-style\" ><div class=\"siteorigin-panels-stretch panel-row-style panel-row-style-for-gb18987-69f5ee2d4bd3b-3\" data-stretch-type=\"full-width-stretch\" ><div id=\"pgc-gb18987-69f5ee2d4bd3b-3-0\"  class=\"panel-grid-cell panel-grid-cell-empty\" ><\/div><div id=\"pgc-gb18987-69f5ee2d4bd3b-3-1\"  class=\"panel-grid-cell\" ><div id=\"panel-gb18987-69f5ee2d4bd3b-3-1-0\" class=\"so-panel widget widget_media_image panel-first-child panel-last-child\" data-index=\"2\" ><div class=\"panel-widget-style panel-widget-style-for-gb18987-69f5ee2d4bd3b-3-1-0\" ><img loading=\"lazy\" decoding=\"async\" width=\"1024\" height=\"270\" src=\"https:\/\/casting.globalrecords.com\/2022\/wp-content\/uploads\/sites\/1\/2021\/03\/logo-global-1024x270.png\" class=\"image wp-image-3396  attachment-large size-large\" alt=\"\" style=\"max-width: 100%; height: auto;\" srcset=\"https:\/\/casting.globalrecords.com\/2022\/wp-content\/uploads\/sites\/1\/2021\/03\/logo-global-1024x270.png 1024w, https:\/\/casting.globalrecords.com\/2022\/wp-content\/uploads\/sites\/1\/2021\/03\/logo-global-300x79.png 300w, https:\/\/casting.globalrecords.com\/2022\/wp-content\/uploads\/sites\/1\/2021\/03\/logo-global-768x203.png 768w, https:\/\/casting.globalrecords.com\/2022\/wp-content\/uploads\/sites\/1\/2021\/03\/logo-global.png 1513w\" sizes=\"(max-width: 1024px) 100vw, 1024px\" \/><\/div><\/div><\/div><div id=\"pgc-gb18987-69f5ee2d4bd3b-3-2\"  class=\"panel-grid-cell\" ><div id=\"panel-gb18987-69f5ee2d4bd3b-3-2-0\" class=\"widget_text so-panel widget widget_custom_html panel-first-child panel-last-child\" data-index=\"3\" ><div class=\"widget_text panel-widget-style panel-widget-style-for-gb18987-69f5ee2d4bd3b-3-2-0\" ><div class=\"textwidget custom-html-widget\"><div style=\"font-family: 'Montserrat', sans-serif;font-size: 0.9em;color:#1e1c1c;font-weight:500;\">\n\t<p><a href=\"\/wp-content\/uploads\/2022\/03\/regulament-2022.pdf\" target=\"_blank\" rel=\"noopener\"><b>Regulament concurs<\/b><\/a><\/p>\n\t<p><a href=\"\/wp-content\/uploads\/2022\/03\/termeni-si-conditii-2022.pdf\" target=\"_blank\" rel=\"noopener\">Termeni si conditii<\/a> | <a href=\"\/wp-content\/uploads\/2022\/03\/politica-de-confidentialitate-2022.pdf\" target=\"_blank\" rel=\"noopener\">Confidentialitate si GDPR<\/a> | <a href=\"\/wp-content\/uploads\/2021\/04\/cookies.pdf\" target=\"_blank\" rel=\"noopener\">Cookies<\/a><\/p> \n\t<p>\u00a9 2022 GLOBAL RECORDS SRL<\/p>\t\n<\/div><\/div><\/div><\/div><\/div><div id=\"pgc-gb18987-69f5ee2d4bd3b-3-3\"  class=\"panel-grid-cell panel-grid-cell-mobile-last\" ><div id=\"panel-gb18987-69f5ee2d4bd3b-3-3-0\" class=\"widget_text so-panel widget widget_custom_html panel-first-child panel-last-child\" data-index=\"4\" ><div class=\"widget_text panel-widget-style panel-widget-style-for-gb18987-69f5ee2d4bd3b-3-3-0\" ><div class=\"textwidget custom-html-widget\"><div style=\"font-family: 'Inconsolata';font-size: 1.2em;color:#1e1c1c;text-transform: uppercase;font-weight:500;margin-bottom:1.5em;\">\n\t<a href=\"https:\/\/www.instagram.com\/globalrecords\/\" target=\"_blank\" rel=\"noopener\"><img loading=\"lazy\" decoding=\"async\" border=\"0\" alt=\"\" src=\"https:\/\/jobs.globalrecords.com\/wp-content\/uploads\/2021\/03\/insta.png\" width=\"20\" height=\"20\"><\/a>\n\t<a href=\"https:\/\/www.youtube.com\/user\/globalrecords\" target=\"_blank\" rel=\"noopener\"><img loading=\"lazy\" decoding=\"async\" border=\"0\" alt=\"\" src=\"https:\/\/jobs.globalrecords.com\/wp-content\/uploads\/2021\/03\/yt.png\" width=\"20\" height=\"20\"><\/a>\n\t<a href=\"https:\/\/www.facebook.com\/GlobalRecordsCom\/\" target=\"_blank\" rel=\"noopener\"><img loading=\"lazy\" decoding=\"async\" border=\"0\" alt=\"\" src=\"https:\/\/jobs.globalrecords.com\/wp-content\/uploads\/2021\/03\/fb.png\" width=\"20\" height=\"20\"><\/a>\n\t<a href=\"https:\/\/www.linkedin.com\/company\/global-records\/\" target=\"_blank\" rel=\"noopener\"><img loading=\"lazy\" decoding=\"async\" border=\"0\" alt=\"\" src=\"https:\/\/jobs.globalrecords.com\/wp-content\/uploads\/2021\/03\/in.png\" width=\"20\" height=\"20\"><\/a>\n\t<\/div><\/div><\/div><\/div><\/div><div id=\"pgc-gb18987-69f5ee2d4bd3b-3-4\"  class=\"panel-grid-cell panel-grid-cell-empty\" ><\/div><\/div><\/div><\/div>","protected":false},"excerpt":{"rendered":"","protected":false},"author":3,"featured_media":11012,"parent":0,"menu_order":0,"comment_status":"closed","ping_status":"closed","template":"","meta":{"ocean_post_layout":"","ocean_both_sidebars_style":"","ocean_both_sidebars_content_width":0,"ocean_both_sidebars_sidebars_width":0,"ocean_sidebar":"","ocean_second_sidebar":"","ocean_disable_margins":"enable","ocean_add_body_class":"","ocean_shortcode_before_top_bar":"","ocean_shortcode_after_top_bar":"","ocean_shortcode_before_header":"","ocean_shortcode_after_header":"","ocean_has_shortcode":"","ocean_shortcode_after_title":"","ocean_shortcode_before_footer_widgets":"","ocean_shortcode_after_footer_widgets":"","ocean_shortcode_before_footer_bottom":"","ocean_shortcode_after_footer_bottom":"","ocean_display_top_bar":"default","ocean_display_header":"default","ocean_header_style":"","ocean_center_header_left_menu":"","ocean_custom_header_template":"","ocean_custom_logo":0,"ocean_custom_retina_logo":0,"ocean_custom_logo_max_width":0,"ocean_custom_logo_tablet_max_width":0,"ocean_custom_logo_mobile_max_width":0,"ocean_custom_logo_max_height":0,"ocean_custom_logo_tablet_max_height":0,"ocean_custom_logo_mobile_max_height":0,"ocean_header_custom_menu":"","ocean_menu_typo_font_family":"","ocean_menu_typo_font_subset":"","ocean_menu_typo_font_size":0,"ocean_menu_typo_font_size_tablet":0,"ocean_menu_typo_font_size_mobile":0,"ocean_menu_typo_font_size_unit":"px","ocean_menu_typo_font_weight":"","ocean_menu_typo_font_weight_tablet":"","ocean_menu_typo_font_weight_mobile":"","ocean_menu_typo_transform":"","ocean_menu_typo_transform_tablet":"","ocean_menu_typo_transform_mobile":"","ocean_menu_typo_line_height":0,"ocean_menu_typo_line_height_tablet":0,"ocean_menu_typo_line_height_mobile":0,"ocean_menu_typo_line_height_unit":"","ocean_menu_typo_spacing":0,"ocean_menu_typo_spacing_tablet":0,"ocean_menu_typo_spacing_mobile":0,"ocean_menu_typo_spacing_unit":"","ocean_menu_link_color":"","ocean_menu_link_color_hover":"","ocean_menu_link_color_active":"","ocean_menu_link_background":"","ocean_menu_link_hover_background":"","ocean_menu_link_active_background":"","ocean_menu_social_links_bg":"","ocean_menu_social_hover_links_bg":"","ocean_menu_social_links_color":"","ocean_menu_social_hover_links_color":"","ocean_disable_title":"default","ocean_disable_heading":"default","ocean_post_title":"","ocean_post_subheading":"","ocean_post_title_style":"","ocean_post_title_background_color":"","ocean_post_title_background":0,"ocean_post_title_bg_image_position":"","ocean_post_title_bg_image_attachment":"","ocean_post_title_bg_image_repeat":"","ocean_post_title_bg_image_size":"","ocean_post_title_height":0,"ocean_post_title_bg_overlay":0.5,"ocean_post_title_bg_overlay_color":"","ocean_disable_breadcrumbs":"default","ocean_breadcrumbs_color":"","ocean_breadcrumbs_separator_color":"","ocean_breadcrumbs_links_color":"","ocean_breadcrumbs_links_hover_color":"","ocean_display_footer_widgets":"default","ocean_display_footer_bottom":"default","ocean_custom_footer_template":"","footnotes":""},"class_list":["post-18987","page","type-page","status-publish","has-post-thumbnail","hentry","entry","has-media"],"yoast_head":"<!-- This site is optimized with the Yoast SEO plugin v23.1 - https:\/\/yoast.com\/wordpress\/plugins\/seo\/ -->\n<title>Casting Global Records<\/title>\n<meta name=\"description\" content=\"Global Records Te Caut\u0103! Ia parte la cea mai tare experien\u021b\u0103 a vie\u021bii tale! \u00censcrie-te la castingul care te poate aduce mai aproape de titlul de &quot;ARTISTUL ANULUI&quot;.\" \/>\n<meta name=\"robots\" content=\"index, follow, max-snippet:-1, max-image-preview:large, max-video-preview:-1\" \/>\n<link rel=\"canonical\" href=\"https:\/\/casting.globalrecords.com\/2022\/\" \/>\n<meta property=\"og:locale\" content=\"en_US\" \/>\n<meta property=\"og:type\" content=\"article\" \/>\n<meta property=\"og:title\" content=\"Casting Global Records\" \/>\n<meta property=\"og:description\" content=\"Global Records Te Caut\u0103! Ia parte la cea mai tare experien\u021b\u0103 a vie\u021bii tale! \u00censcrie-te la castingul care te poate aduce mai aproape de titlul de &quot;ARTISTUL ANULUI&quot;.\" \/>\n<meta property=\"og:url\" content=\"https:\/\/casting.globalrecords.com\/2022\/\" \/>\n<meta property=\"og:site_name\" content=\"Casting (2022)\" \/>\n<meta property=\"article:modified_time\" content=\"2022-06-20T11:10:04+00:00\" \/>\n<meta property=\"og:image\" content=\"https:\/\/casting.globalrecords.com\/2022\/wp-content\/uploads\/sites\/1\/2022\/03\/artistul_anului.jpg\" \/>\n\t<meta property=\"og:image:width\" content=\"1200\" \/>\n\t<meta property=\"og:image:height\" content=\"630\" \/>\n\t<meta property=\"og:image:type\" content=\"image\/jpeg\" \/>\n<meta name=\"twitter:card\" content=\"summary_large_image\" \/>\n<meta name=\"twitter:image\" content=\"https:\/\/casting.globalrecords.com\/2022\/wp-content\/uploads\/sites\/1\/2022\/03\/artistul_anului.jpg\" \/>\n<meta name=\"twitter:label1\" content=\"Est. reading time\" \/>\n\t<meta name=\"twitter:data1\" content=\"2 minutes\" \/>\n<script type=\"application\/ld+json\" class=\"yoast-schema-graph\">{\"@context\":\"https:\/\/schema.org\",\"@graph\":[{\"@type\":\"WebPage\",\"@id\":\"https:\/\/casting.globalrecords.com\/2022\/\",\"url\":\"https:\/\/casting.globalrecords.com\/2022\/\",\"name\":\"Casting Global Records\",\"isPartOf\":{\"@id\":\"https:\/\/casting.globalrecords.com\/2022\/#website\"},\"primaryImageOfPage\":{\"@id\":\"https:\/\/casting.globalrecords.com\/2022\/#primaryimage\"},\"image\":{\"@id\":\"https:\/\/casting.globalrecords.com\/2022\/#primaryimage\"},\"thumbnailUrl\":\"https:\/\/casting.globalrecords.com\/2022\/wp-content\/uploads\/sites\/1\/2022\/03\/artistul_anului.jpg\",\"datePublished\":\"2022-06-20T11:08:39+00:00\",\"dateModified\":\"2022-06-20T11:10:04+00:00\",\"description\":\"Global Records Te Caut\u0103! Ia parte la cea mai tare experien\u021b\u0103 a vie\u021bii tale! \u00censcrie-te la castingul care te poate aduce mai aproape de titlul de \\\"ARTISTUL ANULUI\\\".\",\"breadcrumb\":{\"@id\":\"https:\/\/casting.globalrecords.com\/2022\/#breadcrumb\"},\"inLanguage\":\"en-US\",\"potentialAction\":[{\"@type\":\"ReadAction\",\"target\":[\"https:\/\/casting.globalrecords.com\/2022\/\"]}]},{\"@type\":\"ImageObject\",\"inLanguage\":\"en-US\",\"@id\":\"https:\/\/casting.globalrecords.com\/2022\/#primaryimage\",\"url\":\"https:\/\/casting.globalrecords.com\/2022\/wp-content\/uploads\/sites\/1\/2022\/03\/artistul_anului.jpg\",\"contentUrl\":\"https:\/\/casting.globalrecords.com\/2022\/wp-content\/uploads\/sites\/1\/2022\/03\/artistul_anului.jpg\",\"width\":1200,\"height\":630},{\"@type\":\"BreadcrumbList\",\"@id\":\"https:\/\/casting.globalrecords.com\/2022\/#breadcrumb\",\"itemListElement\":[{\"@type\":\"ListItem\",\"position\":1,\"name\":\"Home\",\"item\":\"https:\/\/casting.globalrecords.com\/2022\/\"},{\"@type\":\"ListItem\",\"position\":2,\"name\":\"Artistul anului 2022 &#8211; Finish\"}]},{\"@type\":\"WebSite\",\"@id\":\"https:\/\/casting.globalrecords.com\/2022\/#website\",\"url\":\"https:\/\/casting.globalrecords.com\/2022\/\",\"name\":\"Casting (2022)\",\"description\":\"\",\"potentialAction\":[{\"@type\":\"SearchAction\",\"target\":{\"@type\":\"EntryPoint\",\"urlTemplate\":\"https:\/\/casting.globalrecords.com\/2022\/?s={search_term_string}\"},\"query-input\":\"required name=search_term_string\"}],\"inLanguage\":\"en-US\"}]}<\/script>\n<!-- \/ Yoast SEO plugin. -->","yoast_head_json":{"title":"Casting Global Records","description":"Global Records Te Caut\u0103! Ia parte la cea mai tare experien\u021b\u0103 a vie\u021bii tale! \u00censcrie-te la castingul care te poate aduce mai aproape de titlul de \"ARTISTUL ANULUI\".","robots":{"index":"index","follow":"follow","max-snippet":"max-snippet:-1","max-image-preview":"max-image-preview:large","max-video-preview":"max-video-preview:-1"},"canonical":"https:\/\/casting.globalrecords.com\/2022\/","og_locale":"en_US","og_type":"article","og_title":"Casting Global Records","og_description":"Global Records Te Caut\u0103! Ia parte la cea mai tare experien\u021b\u0103 a vie\u021bii tale! \u00censcrie-te la castingul care te poate aduce mai aproape de titlul de \"ARTISTUL ANULUI\".","og_url":"https:\/\/casting.globalrecords.com\/2022\/","og_site_name":"Casting (2022)","article_modified_time":"2022-06-20T11:10:04+00:00","og_image":[{"width":1200,"height":630,"url":"https:\/\/casting.globalrecords.com\/2022\/wp-content\/uploads\/sites\/1\/2022\/03\/artistul_anului.jpg","type":"image\/jpeg"}],"twitter_card":"summary_large_image","twitter_image":"https:\/\/casting.globalrecords.com\/2022\/wp-content\/uploads\/sites\/1\/2022\/03\/artistul_anului.jpg","twitter_misc":{"Est. reading time":"2 minutes"},"schema":{"@context":"https:\/\/schema.org","@graph":[{"@type":"WebPage","@id":"https:\/\/casting.globalrecords.com\/2022\/","url":"https:\/\/casting.globalrecords.com\/2022\/","name":"Casting Global Records","isPartOf":{"@id":"https:\/\/casting.globalrecords.com\/2022\/#website"},"primaryImageOfPage":{"@id":"https:\/\/casting.globalrecords.com\/2022\/#primaryimage"},"image":{"@id":"https:\/\/casting.globalrecords.com\/2022\/#primaryimage"},"thumbnailUrl":"https:\/\/casting.globalrecords.com\/2022\/wp-content\/uploads\/sites\/1\/2022\/03\/artistul_anului.jpg","datePublished":"2022-06-20T11:08:39+00:00","dateModified":"2022-06-20T11:10:04+00:00","description":"Global Records Te Caut\u0103! Ia parte la cea mai tare experien\u021b\u0103 a vie\u021bii tale! \u00censcrie-te la castingul care te poate aduce mai aproape de titlul de \"ARTISTUL ANULUI\".","breadcrumb":{"@id":"https:\/\/casting.globalrecords.com\/2022\/#breadcrumb"},"inLanguage":"en-US","potentialAction":[{"@type":"ReadAction","target":["https:\/\/casting.globalrecords.com\/2022\/"]}]},{"@type":"ImageObject","inLanguage":"en-US","@id":"https:\/\/casting.globalrecords.com\/2022\/#primaryimage","url":"https:\/\/casting.globalrecords.com\/2022\/wp-content\/uploads\/sites\/1\/2022\/03\/artistul_anului.jpg","contentUrl":"https:\/\/casting.globalrecords.com\/2022\/wp-content\/uploads\/sites\/1\/2022\/03\/artistul_anului.jpg","width":1200,"height":630},{"@type":"BreadcrumbList","@id":"https:\/\/casting.globalrecords.com\/2022\/#breadcrumb","itemListElement":[{"@type":"ListItem","position":1,"name":"Home","item":"https:\/\/casting.globalrecords.com\/2022\/"},{"@type":"ListItem","position":2,"name":"Artistul anului 2022 &#8211; Finish"}]},{"@type":"WebSite","@id":"https:\/\/casting.globalrecords.com\/2022\/#website","url":"https:\/\/casting.globalrecords.com\/2022\/","name":"Casting (2022)","description":"","potentialAction":[{"@type":"SearchAction","target":{"@type":"EntryPoint","urlTemplate":"https:\/\/casting.globalrecords.com\/2022\/?s={search_term_string}"},"query-input":"required name=search_term_string"}],"inLanguage":"en-US"}]}},"_links":{"self":[{"href":"https:\/\/casting.globalrecords.com\/2022\/wp-json\/wp\/v2\/pages\/18987"}],"collection":[{"href":"https:\/\/casting.globalrecords.com\/2022\/wp-json\/wp\/v2\/pages"}],"about":[{"href":"https:\/\/casting.globalrecords.com\/2022\/wp-json\/wp\/v2\/types\/page"}],"author":[{"embeddable":true,"href":"https:\/\/casting.globalrecords.com\/2022\/wp-json\/wp\/v2\/users\/3"}],"replies":[{"embeddable":true,"href":"https:\/\/casting.globalrecords.com\/2022\/wp-json\/wp\/v2\/comments?post=18987"}],"version-history":[{"count":3,"href":"https:\/\/casting.globalrecords.com\/2022\/wp-json\/wp\/v2\/pages\/18987\/revisions"}],"predecessor-version":[{"id":18991,"href":"https:\/\/casting.globalrecords.com\/2022\/wp-json\/wp\/v2\/pages\/18987\/revisions\/18991"}],"wp:featuredmedia":[{"embeddable":true,"href":"https:\/\/casting.globalrecords.com\/2022\/wp-json\/wp\/v2\/media\/11012"}],"wp:attachment":[{"href":"https:\/\/casting.globalrecords.com\/2022\/wp-json\/wp\/v2\/media?parent=18987"}],"curies":[{"name":"wp","href":"https:\/\/api.w.org\/{rel}","templated":true}]}}